{"id":21389,"date":"2024-11-29T20:40:46","date_gmt":"2024-11-29T23:40:46","guid":{"rendered":"https:\/\/directoriocoihueco.cl\/starclick.prueba.cl\/?page_id=21389"},"modified":"2025-04-25T16:31:15","modified_gmt":"2025-04-25T20:31:15","slug":"nuestra-empresa","status":"publish","type":"page","link":"https:\/\/polilux.cl\/index.php\/nuestra-empresa\/","title":{"rendered":"Nuestra Empresa"},"content":{"rendered":"<div class=\"wpb-content-wrapper\"><section class=\"l-section wpb_row us_custom_19737bc8 height_large\"><div class=\"l-section-h i-cf\"><div class=\"g-cols vc_row type_default valign_top\"><div class=\"vc_col-sm-3 wpb_column vc_column_container animate_fade\"><div class=\"vc_column-inner\"><div class=\"wpb_wrapper\"><div class=\"w-image align_none\"><div class=\"w-image-h\"><img loading=\"lazy\" decoding=\"async\" width=\"500\" height=\"500\" src=\"https:\/\/polilux.cl\/wp-content\/uploads\/2025\/03\/acrilico-transparente.png\" class=\"attachment-large size-large\" alt=\"\" srcset=\"https:\/\/polilux.cl\/wp-content\/uploads\/2025\/03\/acrilico-transparente.png 500w, https:\/\/polilux.cl\/wp-content\/uploads\/2025\/03\/acrilico-transparente-300x300.png 300w, https:\/\/polilux.cl\/wp-content\/uploads\/2025\/03\/acrilico-transparente-150x150.png 150w\" sizes=\"auto, (max-width: 500px) 100vw, 500px\" \/><\/div><\/div><\/div><\/div><\/div><div class=\"vc_col-sm-9 wpb_column vc_column_container animate_afr\"><div class=\"vc_column-inner\"><div class=\"wpb_wrapper\"><h3 class=\"w-text us_custom_8666a569 has_text_color\"><span class=\"w-text-h\"><span class=\"w-text-value\">Somos especialistas en placas de policarbonato<\/span><\/span><\/h3><div class=\"wpb_text_column us_custom_432d3f53\" ><div class=\"wpb_wrapper\"><p>Polilux Limitada nace en el a\u00f1o 2000 con el claro objetivo de satisfacer a t\u00e9cnicos y profesionales, como as\u00ed particulares, del \u00e1rea del policarbonato. Entregamos a nivel nacional un servicio integral a distintos sectores productivos, sean \u00e9stos educacionales, recreacionales, mineros, pesqueros, agr\u00edcolas o gubernamentales.<\/p>\n<\/div><\/div><\/div><\/div><\/div><\/div><\/div><\/section><section class=\"l-section wpb_row us_custom_539f15ee height_large\"><div class=\"l-section-h i-cf\"><div class=\"g-cols vc_row type_default valign_top\"><div class=\"vc_col-sm-12 wpb_column vc_column_container animate_afl\"><div class=\"vc_column-inner\"><div class=\"wpb_wrapper\"><h3 class=\"w-text us_custom_8ac662a2 has_text_color\"><span class=\"w-text-h\"><span class=\"w-text-value\">No se desgaste m\u00e1s y llame a nuestros especialistas<\/span><\/span><\/h3><div class=\"wpb_text_column us_custom_432d3f53\" ><div class=\"wpb_wrapper\"><p>Contamos con un gran equipo humano, comprometido en entregar el mejor servicio, tanto en la proyecci\u00f3n como en el desarrollo. Nuestro departamento t\u00e9cnico y de desarrollo cuenta con una experiencia de m\u00e1s de 10 a\u00f1os en el rubro; tiene el conocimiento y manejo cabal del producto \u201cPolicarbonato\u201d y las normas de aseo y seguridad necesarias en cada obra.<\/p>\n<p><strong>Polilux,<\/strong>\u00a0consciente de las exigencias actuales en el mercado y al gran desarrollo de nuevos materiales, est\u00e1 permanentemente preocupado que su personal est\u00e9 capacit\u00e1ndose para entregar un mejor servicio.<\/p>\n<\/div><\/div><div class=\"g-cols wpb_row  type_default valign_top vc_inner\"><div class=\"vc_col-sm-6 wpb_column vc_column_container\"><div class=\"vc_column-inner\"><div class=\"wpb_wrapper\"><div class=\"w-btn-wrapper width_auto align_right\"><a class=\"w-btn us-btn-style_2 icon_atleft\" title=\"Contacto\" href=\"\/index.php\/contacto\/\"><i class=\"fas fa-paper-plane\"><\/i><span class=\"w-btn-label\">CONT\u00c1CTANOS<\/span><\/a><\/div><\/div><\/div><\/div><div class=\"vc_col-sm-6 wpb_column vc_column_container\"><div class=\"vc_column-inner\"><div class=\"wpb_wrapper\"><div class=\"w-btn-wrapper width_auto align_left\"><a class=\"w-btn us-btn-style_2 icon_atleft\" href=\"https:\/\/wa.me\/56977777846\"><i class=\"fab fa-whatsapp\"><\/i><span class=\"w-btn-label\">WHATSAPP<\/span><\/a><\/div><\/div><\/div><\/div><\/div><\/div><\/div><\/div><\/div><\/div><\/section><section class=\"l-section wpb_row us_custom_ec1e580b height_large\"><div class=\"l-section-h i-cf\"><div class=\"g-cols vc_row type_default valign_top\"><div class=\"vc_col-sm-12 wpb_column vc_column_container animate_aft\"><div class=\"vc_column-inner\"><div class=\"wpb_wrapper\"><h3 class=\"w-text us_custom_8ac662a2 has_text_color\"><span class=\"w-text-h\"><span class=\"w-text-value\">Nuestro mejor respaldo son las empesas e instituciones que han confiado en Polilux, a nivel nacional.<\/span><\/span><\/h3><div class=\"w-grid type_grid layout_gallery_default cols_7\" id=\"us_grid_1\" data-filterable=\"true\"><style id=\"us_grid_1_css\">#us_grid_1 .w-grid-item{padding:1.5rem}#us_grid_1 .w-grid-list{margin:-1.5rem}.w-grid + #us_grid_1 .w-grid-list{margin-top:1.5rem}@media (max-width:1199px){#us_grid_1 .w-grid-item{width:33.333333333333%}}@media (max-width:899px){#us_grid_1 .w-grid-item{width:50%}}@media (max-width:599px){#us_grid_1 .w-grid-list{margin:0}#us_grid_1 .w-grid-item{width:100%;padding:0;margin-bottom:1.5rem}}<\/style><style>.layout_gallery_default .w-grid-item-h{}<\/style><div class=\"w-grid-list\" ><article class=\"w-grid-item post-21408 attachment type-attachment status-inherit hentry\" data-id=\"21408\">\n\t<div class=\"w-grid-item-h\">\n\t\t\t\t<div class=\"w-post-elm post_image usg_post_image_1 stretched\"><img loading=\"lazy\" decoding=\"async\" width=\"300\" height=\"300\" src=\"https:\/\/polilux.cl\/wp-content\/uploads\/2024\/11\/01.png\" class=\"attachment-us_600_600_crop size-us_600_600_crop\" alt=\"\" srcset=\"https:\/\/polilux.cl\/wp-content\/uploads\/2024\/11\/01.png 300w, https:\/\/polilux.cl\/wp-content\/uploads\/2024\/11\/01-150x150.png 150w\" sizes=\"auto, (max-width: 300px) 100vw, 300px\" \/><\/div>\t<\/div>\n<\/article>\n<article class=\"w-grid-item post-21410 attachment type-attachment status-inherit hentry\" data-id=\"21410\">\n\t<div class=\"w-grid-item-h\">\n\t\t\t\t<div class=\"w-post-elm post_image usg_post_image_1 stretched\"><img loading=\"lazy\" decoding=\"async\" width=\"300\" height=\"300\" src=\"https:\/\/polilux.cl\/wp-content\/uploads\/2024\/11\/02.png\" class=\"attachment-us_600_600_crop size-us_600_600_crop\" alt=\"\" srcset=\"https:\/\/polilux.cl\/wp-content\/uploads\/2024\/11\/02.png 300w, https:\/\/polilux.cl\/wp-content\/uploads\/2024\/11\/02-150x150.png 150w\" sizes=\"auto, (max-width: 300px) 100vw, 300px\" \/><\/div>\t<\/div>\n<\/article>\n<article class=\"w-grid-item post-21412 attachment type-attachment status-inherit hentry\" data-id=\"21412\">\n\t<div class=\"w-grid-item-h\">\n\t\t\t\t<div class=\"w-post-elm post_image usg_post_image_1 stretched\"><img loading=\"lazy\" decoding=\"async\" width=\"300\" height=\"300\" src=\"https:\/\/polilux.cl\/wp-content\/uploads\/2024\/11\/03.png\" class=\"attachment-us_600_600_crop size-us_600_600_crop\" alt=\"\" srcset=\"https:\/\/polilux.cl\/wp-content\/uploads\/2024\/11\/03.png 300w, https:\/\/polilux.cl\/wp-content\/uploads\/2024\/11\/03-150x150.png 150w\" sizes=\"auto, (max-width: 300px) 100vw, 300px\" \/><\/div>\t<\/div>\n<\/article>\n<article class=\"w-grid-item post-21413 attachment type-attachment status-inherit hentry\" data-id=\"21413\">\n\t<div class=\"w-grid-item-h\">\n\t\t\t\t<div class=\"w-post-elm post_image usg_post_image_1 stretched\"><img loading=\"lazy\" decoding=\"async\" width=\"300\" height=\"300\" src=\"https:\/\/polilux.cl\/wp-content\/uploads\/2024\/11\/04.png\" class=\"attachment-us_600_600_crop size-us_600_600_crop\" alt=\"\" srcset=\"https:\/\/polilux.cl\/wp-content\/uploads\/2024\/11\/04.png 300w, https:\/\/polilux.cl\/wp-content\/uploads\/2024\/11\/04-150x150.png 150w\" sizes=\"auto, (max-width: 300px) 100vw, 300px\" \/><\/div>\t<\/div>\n<\/article>\n<article class=\"w-grid-item post-21414 attachment type-attachment status-inherit hentry\" data-id=\"21414\">\n\t<div class=\"w-grid-item-h\">\n\t\t\t\t<div class=\"w-post-elm post_image usg_post_image_1 stretched\"><img loading=\"lazy\" decoding=\"async\" width=\"300\" height=\"300\" src=\"https:\/\/polilux.cl\/wp-content\/uploads\/2024\/11\/05.png\" class=\"attachment-us_600_600_crop size-us_600_600_crop\" alt=\"\" srcset=\"https:\/\/polilux.cl\/wp-content\/uploads\/2024\/11\/05.png 300w, https:\/\/polilux.cl\/wp-content\/uploads\/2024\/11\/05-150x150.png 150w\" sizes=\"auto, (max-width: 300px) 100vw, 300px\" \/><\/div>\t<\/div>\n<\/article>\n<article class=\"w-grid-item post-21415 attachment type-attachment status-inherit hentry\" data-id=\"21415\">\n\t<div class=\"w-grid-item-h\">\n\t\t\t\t<div class=\"w-post-elm post_image usg_post_image_1 stretched\"><img loading=\"lazy\" decoding=\"async\" width=\"300\" height=\"300\" src=\"https:\/\/polilux.cl\/wp-content\/uploads\/2024\/11\/06.png\" class=\"attachment-us_600_600_crop size-us_600_600_crop\" alt=\"\" srcset=\"https:\/\/polilux.cl\/wp-content\/uploads\/2024\/11\/06.png 300w, https:\/\/polilux.cl\/wp-content\/uploads\/2024\/11\/06-150x150.png 150w\" sizes=\"auto, (max-width: 300px) 100vw, 300px\" \/><\/div>\t<\/div>\n<\/article>\n<article class=\"w-grid-item post-21416 attachment type-attachment status-inherit hentry\" data-id=\"21416\">\n\t<div class=\"w-grid-item-h\">\n\t\t\t\t<div class=\"w-post-elm post_image usg_post_image_1 stretched\"><img loading=\"lazy\" decoding=\"async\" width=\"300\" height=\"300\" src=\"https:\/\/polilux.cl\/wp-content\/uploads\/2024\/11\/07.png\" class=\"attachment-us_600_600_crop size-us_600_600_crop\" alt=\"\" srcset=\"https:\/\/polilux.cl\/wp-content\/uploads\/2024\/11\/07.png 300w, https:\/\/polilux.cl\/wp-content\/uploads\/2024\/11\/07-150x150.png 150w\" sizes=\"auto, (max-width: 300px) 100vw, 300px\" \/><\/div>\t<\/div>\n<\/article>\n<article class=\"w-grid-item post-21417 attachment type-attachment status-inherit hentry\" data-id=\"21417\">\n\t<div class=\"w-grid-item-h\">\n\t\t\t\t<div class=\"w-post-elm post_image usg_post_image_1 stretched\"><img loading=\"lazy\" decoding=\"async\" width=\"300\" height=\"300\" src=\"https:\/\/polilux.cl\/wp-content\/uploads\/2024\/11\/08.png\" class=\"attachment-us_600_600_crop size-us_600_600_crop\" alt=\"\" srcset=\"https:\/\/polilux.cl\/wp-content\/uploads\/2024\/11\/08.png 300w, https:\/\/polilux.cl\/wp-content\/uploads\/2024\/11\/08-150x150.png 150w\" sizes=\"auto, (max-width: 300px) 100vw, 300px\" \/><\/div>\t<\/div>\n<\/article>\n<article class=\"w-grid-item post-21399 attachment type-attachment status-inherit hentry\" data-id=\"21399\">\n\t<div class=\"w-grid-item-h\">\n\t\t\t\t<div class=\"w-post-elm post_image usg_post_image_1 stretched\"><img loading=\"lazy\" decoding=\"async\" width=\"300\" height=\"300\" src=\"https:\/\/polilux.cl\/wp-content\/uploads\/2024\/11\/09.png\" class=\"attachment-us_600_600_crop size-us_600_600_crop\" alt=\"\" srcset=\"https:\/\/polilux.cl\/wp-content\/uploads\/2024\/11\/09.png 300w, https:\/\/polilux.cl\/wp-content\/uploads\/2024\/11\/09-150x150.png 150w\" sizes=\"auto, (max-width: 300px) 100vw, 300px\" \/><\/div>\t<\/div>\n<\/article>\n<article class=\"w-grid-item post-21400 attachment type-attachment status-inherit hentry\" data-id=\"21400\">\n\t<div class=\"w-grid-item-h\">\n\t\t\t\t<div class=\"w-post-elm post_image usg_post_image_1 stretched\"><img loading=\"lazy\" decoding=\"async\" width=\"300\" height=\"300\" src=\"https:\/\/polilux.cl\/wp-content\/uploads\/2024\/11\/10.png\" class=\"attachment-us_600_600_crop size-us_600_600_crop\" alt=\"\" srcset=\"https:\/\/polilux.cl\/wp-content\/uploads\/2024\/11\/10.png 300w, https:\/\/polilux.cl\/wp-content\/uploads\/2024\/11\/10-150x150.png 150w\" sizes=\"auto, (max-width: 300px) 100vw, 300px\" \/><\/div>\t<\/div>\n<\/article>\n<article class=\"w-grid-item post-21401 attachment type-attachment status-inherit hentry\" data-id=\"21401\">\n\t<div class=\"w-grid-item-h\">\n\t\t\t\t<div class=\"w-post-elm post_image usg_post_image_1 stretched\"><img loading=\"lazy\" decoding=\"async\" width=\"300\" height=\"300\" src=\"https:\/\/polilux.cl\/wp-content\/uploads\/2024\/11\/11.png\" class=\"attachment-us_600_600_crop size-us_600_600_crop\" alt=\"\" srcset=\"https:\/\/polilux.cl\/wp-content\/uploads\/2024\/11\/11.png 300w, https:\/\/polilux.cl\/wp-content\/uploads\/2024\/11\/11-150x150.png 150w\" sizes=\"auto, (max-width: 300px) 100vw, 300px\" \/><\/div>\t<\/div>\n<\/article>\n<article class=\"w-grid-item post-21402 attachment type-attachment status-inherit hentry\" data-id=\"21402\">\n\t<div class=\"w-grid-item-h\">\n\t\t\t\t<div class=\"w-post-elm post_image usg_post_image_1 stretched\"><img loading=\"lazy\" decoding=\"async\" width=\"300\" height=\"300\" src=\"https:\/\/polilux.cl\/wp-content\/uploads\/2024\/11\/12.png\" class=\"attachment-us_600_600_crop size-us_600_600_crop\" alt=\"\" srcset=\"https:\/\/polilux.cl\/wp-content\/uploads\/2024\/11\/12.png 300w, https:\/\/polilux.cl\/wp-content\/uploads\/2024\/11\/12-150x150.png 150w\" sizes=\"auto, (max-width: 300px) 100vw, 300px\" \/><\/div>\t<\/div>\n<\/article>\n<article class=\"w-grid-item post-21403 attachment type-attachment status-inherit hentry\" data-id=\"21403\">\n\t<div class=\"w-grid-item-h\">\n\t\t\t\t<div class=\"w-post-elm post_image usg_post_image_1 stretched\"><img loading=\"lazy\" decoding=\"async\" width=\"300\" height=\"300\" src=\"https:\/\/polilux.cl\/wp-content\/uploads\/2024\/11\/13.png\" class=\"attachment-us_600_600_crop size-us_600_600_crop\" alt=\"\" srcset=\"https:\/\/polilux.cl\/wp-content\/uploads\/2024\/11\/13.png 300w, https:\/\/polilux.cl\/wp-content\/uploads\/2024\/11\/13-150x150.png 150w\" sizes=\"auto, (max-width: 300px) 100vw, 300px\" \/><\/div>\t<\/div>\n<\/article>\n<article class=\"w-grid-item post-21404 attachment type-attachment status-inherit hentry\" data-id=\"21404\">\n\t<div class=\"w-grid-item-h\">\n\t\t\t\t<div class=\"w-post-elm post_image usg_post_image_1 stretched\"><img loading=\"lazy\" decoding=\"async\" width=\"300\" height=\"300\" src=\"https:\/\/polilux.cl\/wp-content\/uploads\/2024\/11\/14.png\" class=\"attachment-us_600_600_crop size-us_600_600_crop\" alt=\"\" srcset=\"https:\/\/polilux.cl\/wp-content\/uploads\/2024\/11\/14.png 300w, https:\/\/polilux.cl\/wp-content\/uploads\/2024\/11\/14-150x150.png 150w\" sizes=\"auto, (max-width: 300px) 100vw, 300px\" \/><\/div>\t<\/div>\n<\/article>\n<article class=\"w-grid-item post-21405 attachment type-attachment status-inherit hentry\" data-id=\"21405\">\n\t<div class=\"w-grid-item-h\">\n\t\t\t\t<div class=\"w-post-elm post_image usg_post_image_1 stretched\"><img loading=\"lazy\" decoding=\"async\" width=\"300\" height=\"300\" src=\"https:\/\/polilux.cl\/wp-content\/uploads\/2024\/11\/15.png\" class=\"attachment-us_600_600_crop size-us_600_600_crop\" alt=\"\" srcset=\"https:\/\/polilux.cl\/wp-content\/uploads\/2024\/11\/15.png 300w, https:\/\/polilux.cl\/wp-content\/uploads\/2024\/11\/15-150x150.png 150w\" sizes=\"auto, (max-width: 300px) 100vw, 300px\" \/><\/div>\t<\/div>\n<\/article>\n<article class=\"w-grid-item post-21406 attachment type-attachment status-inherit hentry\" data-id=\"21406\">\n\t<div class=\"w-grid-item-h\">\n\t\t\t\t<div class=\"w-post-elm post_image usg_post_image_1 stretched\"><img loading=\"lazy\" decoding=\"async\" width=\"300\" height=\"300\" src=\"https:\/\/polilux.cl\/wp-content\/uploads\/2024\/11\/16.png\" class=\"attachment-us_600_600_crop size-us_600_600_crop\" alt=\"\" srcset=\"https:\/\/polilux.cl\/wp-content\/uploads\/2024\/11\/16.png 300w, https:\/\/polilux.cl\/wp-content\/uploads\/2024\/11\/16-150x150.png 150w\" sizes=\"auto, (max-width: 300px) 100vw, 300px\" \/><\/div>\t<\/div>\n<\/article>\n<article class=\"w-grid-item post-21407 attachment type-attachment status-inherit hentry\" data-id=\"21407\">\n\t<div class=\"w-grid-item-h\">\n\t\t\t\t<div class=\"w-post-elm post_image usg_post_image_1 stretched\"><img loading=\"lazy\" decoding=\"async\" width=\"300\" height=\"300\" src=\"https:\/\/polilux.cl\/wp-content\/uploads\/2024\/11\/17.png\" class=\"attachment-us_600_600_crop size-us_600_600_crop\" alt=\"\" srcset=\"https:\/\/polilux.cl\/wp-content\/uploads\/2024\/11\/17.png 300w, https:\/\/polilux.cl\/wp-content\/uploads\/2024\/11\/17-150x150.png 150w\" sizes=\"auto, (max-width: 300px) 100vw, 300px\" \/><\/div>\t<\/div>\n<\/article>\n<\/div><div class=\"w-grid-preloader\"><div class=\"g-preloader type_1\">\n\t<div><\/div>\n<\/div>\n<\/div>\t<div class=\"w-grid-json hidden\" onclick='return {&quot;action&quot;:&quot;us_ajax_grid&quot;,&quot;ajax_url&quot;:&quot;https:\\\/\\\/polilux.cl\\\/wp-admin\\\/admin-ajax.php&quot;,&quot;infinite_scroll&quot;:0,&quot;max_num_pages&quot;:1,&quot;pagination&quot;:&quot;none&quot;,&quot;permalink_url&quot;:&quot;https:\\\/\\\/polilux.cl\\\/wp-json\\\/wp\\\/v2\\\/pages\\\/21389&quot;,&quot;template_vars&quot;:{&quot;columns&quot;:&quot;7&quot;,&quot;exclude_items&quot;:&quot;none&quot;,&quot;img_size&quot;:&quot;default&quot;,&quot;ignore_items_size&quot;:false,&quot;items_layout&quot;:&quot;gallery_default&quot;,&quot;items_offset&quot;:&quot;1&quot;,&quot;load_animation&quot;:&quot;none&quot;,&quot;overriding_link&quot;:&quot;none&quot;,&quot;post_id&quot;:21389,&quot;query_args&quot;:{&quot;post_type&quot;:[&quot;attachment&quot;],&quot;post__in&quot;:[&quot;21399&quot;,&quot;21400&quot;,&quot;21401&quot;,&quot;21402&quot;,&quot;21403&quot;,&quot;21404&quot;,&quot;21405&quot;,&quot;21406&quot;,&quot;21407&quot;,&quot;21408&quot;,&quot;21410&quot;,&quot;21412&quot;,&quot;21413&quot;,&quot;21414&quot;,&quot;21415&quot;,&quot;21416&quot;,&quot;21417&quot;],&quot;post_status&quot;:&quot;inherit&quot;,&quot;post_mime_type&quot;:&quot;image&quot;,&quot;posts_per_page&quot;:&quot;20&quot;},&quot;orderby_query_args&quot;:{&quot;orderby&quot;:{&quot;title&quot;:&quot;ASC&quot;}},&quot;type&quot;:&quot;grid&quot;,&quot;us_grid_ajax_index&quot;:1,&quot;us_grid_filter_params&quot;:null,&quot;us_grid_index&quot;:1,&quot;_us_grid_post_type&quot;:&quot;attachment&quot;}}'><\/div>\n\t<\/div><\/div><\/div><\/div><\/div><\/div><\/section>\n<\/div>","protected":false},"excerpt":{"rendered":"","protected":false},"author":72,"featured_media":0,"parent":0,"menu_order":0,"comment_status":"closed","ping_status":"closed","template":"","meta":{"footnotes":""},"class_list":["post-21389","page","type-page","status-publish","hentry"],"_links":{"self":[{"href":"https:\/\/polilux.cl\/index.php\/wp-json\/wp\/v2\/pages\/21389","targetHints":{"allow":["GET"]}}],"collection":[{"href":"https:\/\/polilux.cl\/index.php\/wp-json\/wp\/v2\/pages"}],"about":[{"href":"https:\/\/polilux.cl\/index.php\/wp-json\/wp\/v2\/types\/page"}],"author":[{"embeddable":true,"href":"https:\/\/polilux.cl\/index.php\/wp-json\/wp\/v2\/users\/72"}],"replies":[{"embeddable":true,"href":"https:\/\/polilux.cl\/index.php\/wp-json\/wp\/v2\/comments?post=21389"}],"version-history":[{"count":25,"href":"https:\/\/polilux.cl\/index.php\/wp-json\/wp\/v2\/pages\/21389\/revisions"}],"predecessor-version":[{"id":22055,"href":"https:\/\/polilux.cl\/index.php\/wp-json\/wp\/v2\/pages\/21389\/revisions\/22055"}],"wp:attachment":[{"href":"https:\/\/polilux.cl\/index.php\/wp-json\/wp\/v2\/media?parent=21389"}],"curies":[{"name":"wp","href":"https:\/\/api.w.org\/{rel}","templated":true}]}}