{"id":21425,"date":"2024-11-30T11:21:12","date_gmt":"2024-11-30T14:21:12","guid":{"rendered":"https:\/\/directoriocoihueco.cl\/starclick.prueba.cl\/?page_id=21425"},"modified":"2026-03-04T11:05:10","modified_gmt":"2026-03-04T14:05:10","slug":"contacto","status":"publish","type":"page","link":"https:\/\/polilux.cl\/index.php\/contacto\/","title":{"rendered":"Contacto"},"content":{"rendered":"<div class=\"wpb-content-wrapper\"><section class=\"l-section wpb_row height_large with_overlay\"><div class=\"l-section-overlay\" style=\"background: rgba(0,0,0,0.05)\"><\/div><div class=\"l-section-h i-cf\"><div class=\"g-cols vc_row type_default valign_top\"><div class=\"vc_col-sm-2\/5 wpb_column vc_column_container\"><div class=\"vc_column-inner\"><div class=\"wpb_wrapper\"><h3 class=\"w-text us_custom_8ac662a2 has_text_color\"><span class=\"w-text-h\"><span class=\"w-text-value\">Informaci\u00f3n de contacto<\/span><\/span><\/h3><div class=\"w-separator size_custom\" style=\"height:20px\"><\/div><div class=\"w-iconbox us_custom_80a192e9 iconpos_top style_circle color_secondary align_center\" id=\"icono-telefono\"><div class=\"w-iconbox-icon\" style=\"font-size:15px;\"><i class=\"fas fa-phone\"><\/i><\/div><div class=\"w-iconbox-meta\"><p class=\"w-iconbox-title\">Tel\u00e9fono<\/p><div class=\"w-iconbox-text\"><p><a href=\"tel:+56956952010\">+569 5695 2010<\/a><br \/>\n<a href=\"tel:+56999799888\">+569 9979 9888<\/a><\/p>\n<\/div><\/div><\/div><div class=\"w-separator size_custom\" style=\"height:20px\"><\/div><div class=\"w-iconbox us_custom_80a192e9 iconpos_top style_circle color_secondary align_center\" id=\"icono-telefono\"><div class=\"w-iconbox-icon\" style=\"font-size:15px;\"><i class=\"fab fa-whatsapp\"><\/i><\/div><div class=\"w-iconbox-meta\"><p class=\"w-iconbox-title\">WhatsApp<\/p><div class=\"w-iconbox-text\"><p><a href=\"https:\/\/wa.me\/56956952010\">+569 5695 2010<\/a><br \/>\n<a href=\"https:\/\/api.whatsapp.com\/send?phone=56977777846\">+569 7777 7846<\/a><\/p>\n<\/div><\/div><\/div><div class=\"w-separator size_custom\" style=\"height:20px\"><\/div><div class=\"w-iconbox us_custom_80a192e9 iconpos_top style_circle color_secondary align_center no_text\" id=\"icono-telefono\"><a href=\"https:\/\/maps.app.goo.gl\/yxPpd3wVbE2Fq2dk8\" class=\"w-iconbox-link\" aria-label=\"Av. Am\u00e9rico Vespucio 9138, La Florida &#8211; Santiago\"><div class=\"w-iconbox-icon\" style=\"font-size:15px;\"><i class=\"fas fa-map\"><\/i><\/div><\/a><div class=\"w-iconbox-meta\"><a href=\"https:\/\/maps.app.goo.gl\/yxPpd3wVbE2Fq2dk8\" class=\"w-iconbox-link\" aria-label=\"Av. Am\u00e9rico Vespucio 9138, La Florida &#8211; Santiago\"><p class=\"w-iconbox-title\">Av. Am\u00e9rico Vespucio 9138, La Florida &#8211; Santiago<\/p><\/a><\/div><\/div><\/div><\/div><\/div><div class=\"vc_col-sm-3\/5 wpb_column vc_column_container\"><div class=\"vc_column-inner\"><div class=\"wpb_wrapper\"><h3 class=\"w-text us_custom_8ac662a2 has_text_color\"><span class=\"w-text-h\"><span class=\"w-text-value\">Formulario<\/span><\/span><\/h3><div class=\"w-separator size_custom\" style=\"height:20px\"><\/div>\n<div class=\"wpcf7 no-js\" id=\"wpcf7-f21428-o1\" lang=\"es-ES\" dir=\"ltr\" data-wpcf7-id=\"21428\">\n<div class=\"screen-reader-response\"><p role=\"status\" aria-live=\"polite\" aria-atomic=\"true\"><\/p> <ul><\/ul><\/div>\n<form action=\"\/index.php\/wp-json\/wp\/v2\/pages\/21425#wpcf7-f21428-o1\" method=\"post\" class=\"wpcf7-form init\" aria-label=\"Formulario de contacto\" novalidate=\"novalidate\" data-status=\"init\">\n<fieldset class=\"hidden-fields-container\"><input type=\"hidden\" name=\"_wpcf7\" value=\"21428\" \/><input type=\"hidden\" name=\"_wpcf7_version\" value=\"6.1.2\" \/><input type=\"hidden\" name=\"_wpcf7_locale\" value=\"es_ES\" \/><input type=\"hidden\" name=\"_wpcf7_unit_tag\" value=\"wpcf7-f21428-o1\" \/><input type=\"hidden\" name=\"_wpcf7_container_post\" value=\"0\" \/><input type=\"hidden\" name=\"_wpcf7_posted_data_hash\" value=\"\" \/><input type=\"hidden\" name=\"_wpcf7_recaptcha_response\" value=\"\" \/>\n<\/fieldset>\n<div id=\"responsive-form\" class=\"clearfix\">\n\t<div class=\"form-row\">\n\t\t<div class=\"column-half\">\n\t\t\t<p>*Nombre <span class=\"wpcf7-form-control-wrap\" data-name=\"your-name\"><input size=\"40\" maxlength=\"400\" class=\"wpcf7-form-control wpcf7-text wpcf7-validates-as-required\" aria-required=\"true\" aria-invalid=\"false\" value=\"\" type=\"text\" name=\"your-name\" \/><\/span>\n\t\t\t<\/p>\n\t\t<\/div>\n\t\t<div class=\"column-half\">\n\t\t\t<p>*Email <span class=\"wpcf7-form-control-wrap\" data-name=\"your-email\"><input size=\"40\" maxlength=\"400\" class=\"wpcf7-form-control wpcf7-email wpcf7-validates-as-required wpcf7-text wpcf7-validates-as-email\" aria-required=\"true\" aria-invalid=\"false\" value=\"\" type=\"email\" name=\"your-email\" \/><\/span>\n\t\t\t<\/p>\n\t\t<\/div>\n\t<\/div>\n\t<div class=\"form-row\">\n\t\t<div class=\"column-half\">\n\t\t\t<p>*Tel\u00e9fono <span class=\"wpcf7-form-control-wrap\" data-name=\"telefono\"><input size=\"40\" maxlength=\"400\" class=\"wpcf7-form-control wpcf7-tel wpcf7-validates-as-required wpcf7-text wpcf7-validates-as-tel\" aria-required=\"true\" aria-invalid=\"false\" value=\"\" type=\"tel\" name=\"telefono\" \/><\/span>\n\t\t\t<\/p>\n\t\t<\/div>\n\t\t<div class=\"column-half\">\n\t\t\t<p>*Asunto <span class=\"wpcf7-form-control-wrap\" data-name=\"your-subject\"><input size=\"40\" maxlength=\"400\" class=\"wpcf7-form-control wpcf7-text wpcf7-validates-as-required\" aria-required=\"true\" aria-invalid=\"false\" value=\"\" type=\"text\" name=\"your-subject\" \/><\/span>\n\t\t\t<\/p>\n\t\t<\/div>\n\t<\/div>\n\t<div class=\"form-row\">\n\t\t<div class=\"column-full\">\n\t\t\t<p>Mensaje (Opcional)<span class=\"wpcf7-form-control-wrap\" data-name=\"your-message\"><textarea cols=\"40\" rows=\"10\" maxlength=\"2000\" class=\"wpcf7-form-control wpcf7-textarea\" aria-invalid=\"false\" name=\"your-message\"><\/textarea><\/span>\n\t\t\t<\/p>\n\t\t<\/div>\n\t<\/div>\n\t<div class=\"form-row\">\n\t\t<div class=\"column-full\">\n\t\t\t<p><input class=\"wpcf7-form-control wpcf7-submit has-spinner\" type=\"submit\" value=\"Enviar\" \/>\n\t\t\t<\/p>\n\t\t<\/div>\n\t<\/div>\n<\/div><div class=\"wpcf7-response-output\" aria-hidden=\"true\"><\/div>\n<\/form>\n<\/div>\n<\/div><\/div><\/div><\/div><\/div><\/section>\n<\/div>","protected":false},"excerpt":{"rendered":"Informaci\u00f3n de contactoTel\u00e9fono+569 5695 2010 +569 9979 9888 WhatsApp+569 5695 2010 +569 7777 7846 Av. Am\u00e9rico Vespucio 9138, La Florida &#8211; SantiagoFormulario *Nombre *Email *Tel\u00e9fono *Asunto Mensaje (Opcional)","protected":false},"author":72,"featured_media":0,"parent":0,"menu_order":0,"comment_status":"closed","ping_status":"closed","template":"","meta":{"footnotes":""},"class_list":["post-21425","page","type-page","status-publish","hentry"],"_links":{"self":[{"href":"https:\/\/polilux.cl\/index.php\/wp-json\/wp\/v2\/pages\/21425","targetHints":{"allow":["GET"]}}],"collection":[{"href":"https:\/\/polilux.cl\/index.php\/wp-json\/wp\/v2\/pages"}],"about":[{"href":"https:\/\/polilux.cl\/index.php\/wp-json\/wp\/v2\/types\/page"}],"author":[{"embeddable":true,"href":"https:\/\/polilux.cl\/index.php\/wp-json\/wp\/v2\/users\/72"}],"replies":[{"embeddable":true,"href":"https:\/\/polilux.cl\/index.php\/wp-json\/wp\/v2\/comments?post=21425"}],"version-history":[{"count":24,"href":"https:\/\/polilux.cl\/index.php\/wp-json\/wp\/v2\/pages\/21425\/revisions"}],"predecessor-version":[{"id":22340,"href":"https:\/\/polilux.cl\/index.php\/wp-json\/wp\/v2\/pages\/21425\/revisions\/22340"}],"wp:attachment":[{"href":"https:\/\/polilux.cl\/index.php\/wp-json\/wp\/v2\/media?parent=21425"}],"curies":[{"name":"wp","href":"https:\/\/api.w.org\/{rel}","templated":true}]}}